{"id":3121,"date":"2023-04-04T14:25:20","date_gmt":"2023-04-04T14:25:20","guid":{"rendered":"https:\/\/nanydealer.com\/?page_id=3121"},"modified":"2023-07-26T00:08:32","modified_gmt":"2023-07-26T00:08:32","slug":"a-propos","status":"publish","type":"page","link":"https:\/\/nanydealer.com\/index.php\/a-propos\/","title":{"rendered":"A propos"},"content":{"rendered":"\t\t<div data-elementor-type=\"wp-page\" data-elementor-id=\"3121\" class=\"elementor elementor-3121\">\n\t\t\t\t\t\t\t\t\t<section class=\"elementor-section elementor-top-section elementor-element elementor-element-f4808ad elementor-section-boxed elementor-section-height-default elementor-section-height-default\" data-id=\"f4808ad\" data-element_type=\"section\">\n\t\t\t\t\t\t<div class=\"elementor-container elementor-column-gap-default\">\n\t\t\t\t\t<div class=\"elementor-column elementor-col-50 elementor-top-column elementor-element elementor-element-d4c7c37\" data-id=\"d4c7c37\" data-element_type=\"column\">\n\t\t\t<div class=\"elementor-widget-wrap elementor-element-populated\">\n\t\t\t\t\t\t\t\t<div class=\"elementor-element elementor-element-5ff30de elementor-widget elementor-widget-image\" data-id=\"5ff30de\" data-element_type=\"widget\" data-widget_type=\"image.default\">\n\t\t\t\t<div class=\"elementor-widget-container\">\n\t\t\t<style>\/*! elementor - v3.15.0 - 09-08-2023 *\/\n.elementor-widget-image{text-align:center}.elementor-widget-image a{display:inline-block}.elementor-widget-image a img[src$=\".svg\"]{width:48px}.elementor-widget-image img{vertical-align:middle;display:inline-block}<\/style>\t\t\t\t\t\t\t\t\t\t\t\t<img decoding=\"async\" width=\"1024\" height=\"800\" src=\"https:\/\/nanydealer.com\/wp-content\/uploads\/2023\/04\/IMG-20211204-WA0001-1024x800.jpg\" class=\"attachment-large size-large wp-image-3131\" alt=\"\" loading=\"lazy\" srcset=\"https:\/\/nanydealer.com\/wp-content\/uploads\/2023\/04\/IMG-20211204-WA0001-1024x800.jpg 1024w, https:\/\/nanydealer.com\/wp-content\/uploads\/2023\/04\/IMG-20211204-WA0001-600x469.jpg 600w, https:\/\/nanydealer.com\/wp-content\/uploads\/2023\/04\/IMG-20211204-WA0001-300x234.jpg 300w, https:\/\/nanydealer.com\/wp-content\/uploads\/2023\/04\/IMG-20211204-WA0001-768x600.jpg 768w, https:\/\/nanydealer.com\/wp-content\/uploads\/2023\/04\/IMG-20211204-WA0001-140x110.jpg 140w, https:\/\/nanydealer.com\/wp-content\/uploads\/2023\/04\/IMG-20211204-WA0001.jpg 1080w\" sizes=\"(max-width: 1024px) 100vw, 1024px\" \/>\t\t\t\t\t\t\t\t\t\t\t\t\t\t\t<\/div>\n\t\t\t\t<\/div>\n\t\t\t\t\t<\/div>\n\t\t<\/div>\n\t\t\t\t<div class=\"elementor-column elementor-col-50 elementor-top-column elementor-element elementor-element-c704181\" data-id=\"c704181\" data-element_type=\"column\">\n\t\t\t<div class=\"elementor-widget-wrap elementor-element-populated\">\n\t\t\t\t\t\t\t\t<div class=\"elementor-element elementor-element-103590f elementor-widget elementor-widget-autohive_tabs\" data-id=\"103590f\" data-element_type=\"widget\" data-widget_type=\"autohive_tabs.default\">\n\t\t\t\t<div class=\"elementor-widget-container\">\n\t\t\t        <div class=\"eq-about-content\">\r\n            <ul class=\"nav nav-tabs flex-wrap eq-about-navs\">\r\n                                        <li>\r\n                            <a href=\"#autohive-1\" data-bs-toggle=\"tab\" class=\"active\">\r\n                                Notre Mission                            <\/a>\r\n                        <\/li>\r\n                                                <li>\r\n                            <a href=\"#autohive-2\" data-bs-toggle=\"tab\" class=\"\">\r\n                                Notre Vision                            <\/a>\r\n                        <\/li>\r\n                                                <li>\r\n                            <a href=\"#autohive-3\" data-bs-toggle=\"tab\" class=\"\">\r\n                                Nos Objectifs                            <\/a>\r\n                        <\/li>\r\n                                    <\/ul>\r\n\r\n            <div class=\"tab-content mt-5\">\r\n                                        <div class=\"tab-pane fade show active\" id=\"autohive-1\">\r\n                            <div class=\"row g-4 align-items-center\">\r\n                                                                    <div class=\"col-xl-12\">\r\n                                        <p>NaNy Dealer\u00a0r\u00e9pond aux besoins d'un client \u00e0 la recherche d'un v\u00e9hicule. Il \u00e9coute ses besoins, analyse ses envies et lui expose la gamme disponible dans le but d'\u00e9tablir la correspondance id\u00e9ale.<\/p>                                    <\/div>\r\n                                                                <\/div>\r\n                        <\/div>\r\n                                                <div class=\"tab-pane fade\" id=\"autohive-2\">\r\n                            <div class=\"row g-4 align-items-center\">\r\n                                                                    <div class=\"col-xl-12\">\r\n                                        <p>Devenir la plus grande compagne de revendeur et location des v\u00e9hicules neufs\/usage<span class=\"Apple-converted-space\">\u00a0 <\/span>sur le march\u00e9 malien et en Africain en g\u00e9n\u00e9ral <span class=\"Apple-converted-space\">\u00a0<\/span><\/p>                                    <\/div>\r\n                                                                <\/div>\r\n                        <\/div>\r\n                                                <div class=\"tab-pane fade\" id=\"autohive-3\">\r\n                            <div class=\"row g-4 align-items-center\">\r\n                                                                    <div class=\"col-xl-12\">\r\n                                        <p>R\u00e9pondre \u00e0 toutes vos attentes en mati\u00e8re de besoin de v\u00e9hicules (achat, vente, location),et prestation de services. L'entreprise Nany Dealer vous propose une gamme de v\u00e9hicules de diff\u00e9rentes marques adapt\u00e9es \u00e0 tous vos besoins tout en respectant vos d\u00e9sirs et en vous offrant un meilleur service.<\/p>                                    <\/div>\r\n                                                                <\/div>\r\n                        <\/div>\r\n                                    <\/div>\r\n        <\/div>\r\n        \t\t<\/div>\n\t\t\t\t<\/div>\n\t\t\t\t\t<\/div>\n\t\t<\/div>\n\t\t\t\t\t\t\t<\/div>\n\t\t<\/section>\n\t\t\t\t<section class=\"elementor-section elementor-top-section elementor-element elementor-element-b60f3c8 elementor-section-boxed elementor-section-height-default elementor-section-height-default\" data-id=\"b60f3c8\" data-element_type=\"section\">\n\t\t\t\t\t\t<div class=\"elementor-container elementor-column-gap-default\">\n\t\t\t\t\t<div class=\"elementor-column elementor-col-100 elementor-top-column elementor-element elementor-element-cb53ba2\" data-id=\"cb53ba2\" data-element_type=\"column\">\n\t\t\t<div class=\"elementor-widget-wrap elementor-element-populated\">\n\t\t\t\t\t\t\t\t<div class=\"elementor-element elementor-element-46c11e7 elementor-widget elementor-widget-spacer\" data-id=\"46c11e7\" data-element_type=\"widget\" data-widget_type=\"spacer.default\">\n\t\t\t\t<div class=\"elementor-widget-container\">\n\t\t\t<style>\/*! elementor - v3.15.0 - 09-08-2023 *\/\n.elementor-column .elementor-spacer-inner{height:var(--spacer-size)}.e-con{--container-widget-width:100%}.e-con-inner>.elementor-widget-spacer,.e-con>.elementor-widget-spacer{width:var(--container-widget-width,var(--spacer-size));--align-self:var(--container-widget-align-self,initial);--flex-shrink:0}.e-con-inner>.elementor-widget-spacer>.elementor-widget-container,.e-con-inner>.elementor-widget-spacer>.elementor-widget-container>.elementor-spacer,.e-con>.elementor-widget-spacer>.elementor-widget-container,.e-con>.elementor-widget-spacer>.elementor-widget-container>.elementor-spacer{height:100%}.e-con-inner>.elementor-widget-spacer>.elementor-widget-container>.elementor-spacer>.elementor-spacer-inner,.e-con>.elementor-widget-spacer>.elementor-widget-container>.elementor-spacer>.elementor-spacer-inner{height:var(--container-widget-height,var(--spacer-size))}<\/style>\t\t<div class=\"elementor-spacer\">\n\t\t\t<div class=\"elementor-spacer-inner\"><\/div>\n\t\t<\/div>\n\t\t\t\t<\/div>\n\t\t\t\t<\/div>\n\t\t\t\t\t<\/div>\n\t\t<\/div>\n\t\t\t\t\t\t\t<\/div>\n\t\t<\/section>\n\t\t\t\t<section class=\"elementor-section elementor-top-section elementor-element elementor-element-676d35d elementor-section-boxed elementor-section-height-default elementor-section-height-default\" data-id=\"676d35d\" data-element_type=\"section\">\n\t\t\t\t\t\t<div class=\"elementor-container elementor-column-gap-default\">\n\t\t\t\t\t<div class=\"elementor-column elementor-col-66 elementor-top-column elementor-element elementor-element-8d55ed6\" data-id=\"8d55ed6\" data-element_type=\"column\">\n\t\t\t<div class=\"elementor-widget-wrap elementor-element-populated\">\n\t\t\t\t\t\t\t\t<div class=\"elementor-element elementor-element-a3067ef elementor-widget elementor-widget-heading\" data-id=\"a3067ef\" data-element_type=\"widget\" data-widget_type=\"heading.default\">\n\t\t\t\t<div class=\"elementor-widget-container\">\n\t\t\t<style>\/*! elementor - v3.15.0 - 09-08-2023 *\/\n.elementor-heading-title{padding:0;margin:0;line-height:1}.elementor-widget-heading .elementor-heading-title[class*=elementor-size-]>a{color:inherit;font-size:inherit;line-height:inherit}.elementor-widget-heading .elementor-heading-title.elementor-size-small{font-size:15px}.elementor-widget-heading .elementor-heading-title.elementor-size-medium{font-size:19px}.elementor-widget-heading .elementor-heading-title.elementor-size-large{font-size:29px}.elementor-widget-heading .elementor-heading-title.elementor-size-xl{font-size:39px}.elementor-widget-heading .elementor-heading-title.elementor-size-xxl{font-size:59px}<\/style><h2 class=\"elementor-heading-title elementor-size-default\">Nos Valeurs<\/h2>\t\t<\/div>\n\t\t\t\t<\/div>\n\t\t\t\t<div class=\"elementor-element elementor-element-4ca5a95 elementor-widget elementor-widget-text-editor\" data-id=\"4ca5a95\" data-element_type=\"widget\" data-widget_type=\"text-editor.default\">\n\t\t\t\t<div class=\"elementor-widget-container\">\n\t\t\t<style>\/*! elementor - v3.15.0 - 09-08-2023 *\/\n.elementor-widget-text-editor.elementor-drop-cap-view-stacked .elementor-drop-cap{background-color:#69727d;color:#fff}.elementor-widget-text-editor.elementor-drop-cap-view-framed .elementor-drop-cap{color:#69727d;border:3px solid;background-color:transparent}.elementor-widget-text-editor:not(.elementor-drop-cap-view-default) .elementor-drop-cap{margin-top:8px}.elementor-widget-text-editor:not(.elementor-drop-cap-view-default) .elementor-drop-cap-letter{width:1em;height:1em}.elementor-widget-text-editor .elementor-drop-cap{float:left;text-align:center;line-height:1;font-size:50px}.elementor-widget-text-editor .elementor-drop-cap-letter{display:inline-block}<\/style>\t\t\t\t<p>Int\u00e9grit\u00e9, honn\u00eatet\u00e9, ponctualit\u00e9, pers\u00e9v\u00e9rance, respect, transparence, une meilleure qualit\u00e9 de travail et le meilleur service \u00e0 la client\u00e8le. <span class=\"Apple-converted-space\">\u00a0 \u00a0<\/span><\/p><p>NaNy Dealer dispose d\u2019agents, hommes et femmes, tr\u00e8s exp\u00e9riment\u00e9s dont certains travaillent pour elle depuis plusieurs ann\u00e9es, soit pr\u00e8s de 10 ans d\u2019exp\u00e9riences et de savoir-faire.<\/p>\t\t\t\t\t\t<\/div>\n\t\t\t\t<\/div>\n\t\t\t\t\t<\/div>\n\t\t<\/div>\n\t\t\t\t<div class=\"elementor-column elementor-col-33 elementor-top-column elementor-element elementor-element-64f697a\" data-id=\"64f697a\" data-element_type=\"column\">\n\t\t\t<div class=\"elementor-widget-wrap elementor-element-populated\">\n\t\t\t\t\t\t\t\t<div class=\"elementor-element elementor-element-16f282a elementor-widget elementor-widget-image\" data-id=\"16f282a\" data-element_type=\"widget\" data-widget_type=\"image.default\">\n\t\t\t\t<div class=\"elementor-widget-container\">\n\t\t\t\t\t\t\t\t\t\t\t\t\t\t\t<img decoding=\"async\" width=\"636\" height=\"496\" src=\"https:\/\/nanydealer.com\/wp-content\/uploads\/2023\/01\/service-5.jpg\" class=\"attachment-large size-large wp-image-1678\" alt=\"\" loading=\"lazy\" srcset=\"https:\/\/nanydealer.com\/wp-content\/uploads\/2023\/01\/service-5.jpg 636w, https:\/\/nanydealer.com\/wp-content\/uploads\/2023\/01\/service-5-600x468.jpg 600w\" sizes=\"(max-width: 636px) 100vw, 636px\" \/>\t\t\t\t\t\t\t\t\t\t\t\t\t\t\t<\/div>\n\t\t\t\t<\/div>\n\t\t\t\t\t<\/div>\n\t\t<\/div>\n\t\t\t\t\t\t\t<\/div>\n\t\t<\/section>\n\t\t\t\t<section class=\"elementor-section elementor-top-section elementor-element elementor-element-63c84f1 elementor-section-boxed elementor-section-height-default elementor-section-height-default\" data-id=\"63c84f1\" data-element_type=\"section\">\n\t\t\t\t\t\t<div class=\"elementor-container elementor-column-gap-default\">\n\t\t\t\t\t<div class=\"elementor-column elementor-col-50 elementor-top-column elementor-element elementor-element-c2a4d03\" data-id=\"c2a4d03\" data-element_type=\"column\">\n\t\t\t<div class=\"elementor-widget-wrap elementor-element-populated\">\n\t\t\t\t\t\t\t\t<div class=\"elementor-element elementor-element-4c22806 elementor-widget elementor-widget-image\" data-id=\"4c22806\" data-element_type=\"widget\" data-widget_type=\"image.default\">\n\t\t\t\t<div class=\"elementor-widget-container\">\n\t\t\t\t\t\t\t\t\t\t\t\t\t\t\t<img decoding=\"async\" width=\"1024\" height=\"473\" src=\"https:\/\/nanydealer.com\/wp-content\/uploads\/2022\/12\/blog-1.png\" class=\"attachment-large size-large wp-image-590\" alt=\"\" loading=\"lazy\" srcset=\"https:\/\/nanydealer.com\/wp-content\/uploads\/2022\/12\/blog-1.png 1300w, https:\/\/nanydealer.com\/wp-content\/uploads\/2022\/12\/blog-1-600x277.png 600w\" sizes=\"(max-width: 1024px) 100vw, 1024px\" \/>\t\t\t\t\t\t\t\t\t\t\t\t\t\t\t<\/div>\n\t\t\t\t<\/div>\n\t\t\t\t\t<\/div>\n\t\t<\/div>\n\t\t\t\t<div class=\"elementor-column elementor-col-50 elementor-top-column elementor-element elementor-element-97a86bc\" data-id=\"97a86bc\" data-element_type=\"column\">\n\t\t\t<div class=\"elementor-widget-wrap elementor-element-populated\">\n\t\t\t\t\t\t\t\t<div class=\"elementor-element elementor-element-6d10800 elementor-widget elementor-widget-heading\" data-id=\"6d10800\" data-element_type=\"widget\" data-widget_type=\"heading.default\">\n\t\t\t\t<div class=\"elementor-widget-container\">\n\t\t\t<h2 class=\"elementor-heading-title elementor-size-default\">Location des v\u00e9hicules:<\/h2>\t\t<\/div>\n\t\t\t\t<\/div>\n\t\t\t\t<div class=\"elementor-element elementor-element-f95ec6c elementor-widget elementor-widget-text-editor\" data-id=\"f95ec6c\" data-element_type=\"widget\" data-widget_type=\"text-editor.default\">\n\t\t\t\t<div class=\"elementor-widget-container\">\n\t\t\t\t\t\t\t<p>Nany Dealer vous offre une vari\u00e9t\u00e9 de v\u00e9hicules disponibles pour la location avec ou sans chauffeur.<\/p>\t\t\t\t\t\t<\/div>\n\t\t\t\t<\/div>\n\t\t\t\t\t<\/div>\n\t\t<\/div>\n\t\t\t\t\t\t\t<\/div>\n\t\t<\/section>\n\t\t\t\t<section class=\"elementor-section elementor-top-section elementor-element elementor-element-d9a3d85 elementor-section-boxed elementor-section-height-default elementor-section-height-default\" data-id=\"d9a3d85\" data-element_type=\"section\">\n\t\t\t\t\t\t<div class=\"elementor-container elementor-column-gap-default\">\n\t\t\t\t\t<div class=\"elementor-column elementor-col-100 elementor-top-column elementor-element elementor-element-a6f2679\" data-id=\"a6f2679\" data-element_type=\"column\">\n\t\t\t<div class=\"elementor-widget-wrap elementor-element-populated\">\n\t\t\t\t\t\t\t\t<div class=\"elementor-element elementor-element-78f1c6c elementor-widget elementor-widget-spacer\" data-id=\"78f1c6c\" data-element_type=\"widget\" data-widget_type=\"spacer.default\">\n\t\t\t\t<div class=\"elementor-widget-container\">\n\t\t\t\t\t<div class=\"elementor-spacer\">\n\t\t\t<div class=\"elementor-spacer-inner\"><\/div>\n\t\t<\/div>\n\t\t\t\t<\/div>\n\t\t\t\t<\/div>\n\t\t\t\t\t<\/div>\n\t\t<\/div>\n\t\t\t\t\t\t\t<\/div>\n\t\t<\/section>\n\t\t\t\t\t\t\t<\/div>\n\t\t","protected":false},"excerpt":{"rendered":"<p>Notre Mission Notre Vision Nos Objectifs NaNy Dealer\u00a0r\u00e9pond aux besoins d&rsquo;un client \u00e0 la recherche d&rsquo;un v\u00e9hicule. Il \u00e9coute ses besoins, analyse ses envies et lui expose la gamme disponible dans le but d&rsquo;\u00e9tablir la correspondance id\u00e9ale. Devenir la plus grande compagne de revendeur et location des v\u00e9hicules neufs\/usage\u00a0 sur le march\u00e9 malien et en [&hellip;]<\/p>\n","protected":false},"author":1,"featured_media":0,"parent":0,"menu_order":0,"comment_status":"closed","ping_status":"closed","template":"","meta":{"_joinchat":[]},"_links":{"self":[{"href":"https:\/\/nanydealer.com\/index.php\/wp-json\/wp\/v2\/pages\/3121"}],"collection":[{"href":"https:\/\/nanydealer.com\/index.php\/wp-json\/wp\/v2\/pages"}],"about":[{"href":"https:\/\/nanydealer.com\/index.php\/wp-json\/wp\/v2\/types\/page"}],"author":[{"embeddable":true,"href":"https:\/\/nanydealer.com\/index.php\/wp-json\/wp\/v2\/users\/1"}],"replies":[{"embeddable":true,"href":"https:\/\/nanydealer.com\/index.php\/wp-json\/wp\/v2\/comments?post=3121"}],"version-history":[{"count":20,"href":"https:\/\/nanydealer.com\/index.php\/wp-json\/wp\/v2\/pages\/3121\/revisions"}],"predecessor-version":[{"id":3887,"href":"https:\/\/nanydealer.com\/index.php\/wp-json\/wp\/v2\/pages\/3121\/revisions\/3887"}],"wp:attachment":[{"href":"https:\/\/nanydealer.com\/index.php\/wp-json\/wp\/v2\/media?parent=3121"}],"curies":[{"name":"wp","href":"https:\/\/api.w.org\/{rel}","templated":true}]}}